{"id":1030,"date":"2026-02-06T02:28:50","date_gmt":"2026-02-06T02:28:50","guid":{"rendered":"https:\/\/disecosdarkatelier.com\/shop\/?post_type=product&#038;p=1030"},"modified":"2026-02-06T02:41:39","modified_gmt":"2026-02-06T02:41:39","slug":"mochila-juliet-escoces-purpura","status":"publish","type":"product","link":"https:\/\/disecosdarkatelier.com\/shop\/product\/mochila-juliet-escoces-purpura\/","title":{"rendered":"Mochila Juliet Escoces Purpura"},"content":{"rendered":"<ul class=\"[&amp;:not(:last-child)_ul]:pb-1 [&amp;:not(:last-child)_ol]:pb-1 list-disc space-y-2.5 pl-7\">\n<li><strong>Material exterior: <\/strong>Lona de alta densidad estampada y detalles en cuero sint\u00e9tico.<\/li>\n<li><strong>Material interior: <\/strong>forro textil para elegir entre,rojo, vinotinto, negro, morado, negro.<\/li>\n<li class=\"whitespace-normal break-words\"><strong>Cremallera impermeable<\/strong>.<\/li>\n<li><b data-path-to-node=\"11,1,0\" data-index-in-node=\"0\">Accesorios Met\u00e1licos:<\/b> Incluye una cadena decorativa cromada y dijes de luna plateados.<\/li>\n<li><b data-path-to-node=\"11,5,0\" data-index-in-node=\"0\">Confort:<\/b> Correas acolchadas y reforzadas para un uso prolongado sin fatiga<\/li>\n<\/ul>\n<p class=\"font-claude-response-body whitespace-normal break-words\"><strong>Dimensiones:<\/strong><\/p>\n<ul class=\"[&amp;:not(:last-child)_ul]:pb-1 [&amp;:not(:last-child)_ol]:pb-1 list-disc space-y-2.5 pl-7\">\n<li class=\"whitespace-normal break-words\">Alto: 40 cm | Ancho: 30 cm | Profundidad: 15 cm<\/li>\n<\/ul>\n","protected":false},"excerpt":{"rendered":"<p><b data-path-to-node=\"9\" data-index-in-node=\"0\">Lleva la rebeld\u00eda y el misterio contigo.<\/b> La mochila <i data-path-to-node=\"9\" data-index-in-node=\"52\">Juliet<\/i> escoces purpura, destaca por su dise\u00f1o estructurado y su vibrante color p\u00farpura. Su combinaci\u00f3n de texturas, entre el textil a cuadros y los acabados en cuero sintetico premium, la convierte en una pieza central para cualquier outfit oscuro o urbano.<\/p>\n","protected":false},"featured_media":1034,"comment_status":"open","ping_status":"closed","template":"","meta":{"_uag_custom_page_level_css":""},"product_brand":[],"product_cat":[30],"product_tag":[41,82,84,85,75,83],"class_list":{"0":"post-1030","1":"product","2":"type-product","3":"status-publish","4":"has-post-thumbnail","6":"product_cat-mochilas","7":"product_tag-alternativo","8":"product_tag-escoces","9":"product_tag-grunge","10":"product_tag-mochila-juliet","11":"product_tag-punk","12":"product_tag-purpura","14":"first","15":"instock","16":"shipping-taxable","17":"purchasable","18":"product-type-variable"},"aioseo_notices":[],"uagb_featured_image_src":{"full":["https:\/\/disecosdarkatelier.com\/wp-content\/uploads\/2026\/02\/IMG_20250906_154118-1-scaled.jpg",1919,2560,false],"thumbnail":["https:\/\/disecosdarkatelier.com\/wp-content\/uploads\/2026\/02\/IMG_20250906_154118-1-150x150.jpg",150,150,true],"medium":["https:\/\/disecosdarkatelier.com\/wp-content\/uploads\/2026\/02\/IMG_20250906_154118-1-225x300.jpg",225,300,true],"medium_large":["https:\/\/disecosdarkatelier.com\/wp-content\/uploads\/2026\/02\/IMG_20250906_154118-1-768x1025.jpg",768,1025,true],"large":["https:\/\/disecosdarkatelier.com\/wp-content\/uploads\/2026\/02\/IMG_20250906_154118-1-767x1024.jpg",767,1024,true],"1536x1536":["https:\/\/disecosdarkatelier.com\/wp-content\/uploads\/2026\/02\/IMG_20250906_154118-1-1151x1536.jpg",1151,1536,true],"2048x2048":["https:\/\/disecosdarkatelier.com\/wp-content\/uploads\/2026\/02\/IMG_20250906_154118-1-1535x2048.jpg",1535,2048,true],"woocommerce_thumbnail":["https:\/\/disecosdarkatelier.com\/wp-content\/uploads\/2026\/02\/IMG_20250906_154118-1-324x324.jpg",324,324,true],"woocommerce_single":["https:\/\/disecosdarkatelier.com\/wp-content\/uploads\/2026\/02\/IMG_20250906_154118-1-416x555.jpg",416,555,true],"woocommerce_gallery_thumbnail":["https:\/\/disecosdarkatelier.com\/wp-content\/uploads\/2026\/02\/IMG_20250906_154118-1-100x100.jpg",100,100,true]},"uagb_author_info":{"display_name":"yulantto@gmail.com","author_link":"https:\/\/disecosdarkatelier.com\/shop\/author\/"},"uagb_comment_info":0,"uagb_excerpt":"Lleva la rebeld\u00eda y el misterio contigo. La mochila Juliet escoces purpura, destaca por su dise\u00f1o estructurado y su vibrante color p\u00farpura. Su combinaci\u00f3n de texturas, entre el textil a cuadros y los acabados en cuero sintetico premium, la convierte en una pieza central para cualquier outfit oscuro o urbano.","_links":{"self":[{"href":"https:\/\/disecosdarkatelier.com\/shop\/wp-json\/wp\/v2\/product\/1030","targetHints":{"allow":["GET"]}}],"collection":[{"href":"https:\/\/disecosdarkatelier.com\/shop\/wp-json\/wp\/v2\/product"}],"about":[{"href":"https:\/\/disecosdarkatelier.com\/shop\/wp-json\/wp\/v2\/types\/product"}],"replies":[{"embeddable":true,"href":"https:\/\/disecosdarkatelier.com\/shop\/wp-json\/wp\/v2\/comments?post=1030"}],"wp:featuredmedia":[{"embeddable":true,"href":"https:\/\/disecosdarkatelier.com\/shop\/wp-json\/wp\/v2\/media\/1034"}],"wp:attachment":[{"href":"https:\/\/disecosdarkatelier.com\/shop\/wp-json\/wp\/v2\/media?parent=1030"}],"wp:term":[{"taxonomy":"product_brand","embeddable":true,"href":"https:\/\/disecosdarkatelier.com\/shop\/wp-json\/wp\/v2\/product_brand?post=1030"},{"taxonomy":"product_cat","embeddable":true,"href":"https:\/\/disecosdarkatelier.com\/shop\/wp-json\/wp\/v2\/product_cat?post=1030"},{"taxonomy":"product_tag","embeddable":true,"href":"https:\/\/disecosdarkatelier.com\/shop\/wp-json\/wp\/v2\/product_tag?post=1030"}],"curies":[{"name":"wp","href":"https:\/\/api.w.org\/{rel}","templated":true}]}}