{"id":934,"date":"2025-11-29T04:20:11","date_gmt":"2025-11-29T04:20:11","guid":{"rendered":"https:\/\/disecosdarkatelier.com\/shop\/?post_type=product&#038;p=934"},"modified":"2025-12-02T03:08:17","modified_gmt":"2025-12-02T03:08:17","slug":"vestido-caprice","status":"publish","type":"product","link":"https:\/\/disecosdarkatelier.com\/shop\/product\/vestido-caprice\/","title":{"rendered":"Vestido Caprice"},"content":{"rendered":"<ul>\n<li>Su dise\u00f1o est\u00e1 elaborado con una base de tela el\u00e1stica lo que permite un ajuste perfecto que realza la silueta con comodidad y elegancia.<\/li>\n<li><span style=\"font-size: 16px;\">Puedes pedirlo por talla o a medida.<\/span><\/li>\n<\/ul>\n","protected":false},"excerpt":{"rendered":"<p><strong>Combina la sensualidad del encaje negro con la fuerza del rojo profundo.<\/strong><\/p>\n","protected":false},"featured_media":938,"comment_status":"open","ping_status":"closed","template":"","meta":{"_uag_custom_page_level_css":""},"product_brand":[],"product_cat":[47],"product_tag":[49,31,48],"class_list":{"0":"post-934","1":"product","2":"type-product","3":"status-publish","4":"has-post-thumbnail","6":"product_cat-vestidos","7":"product_tag-encaje","8":"product_tag-gotico","9":"product_tag-vestido","11":"first","12":"onbackorder","13":"shipping-taxable","14":"purchasable","15":"product-type-variable"},"aioseo_notices":[],"uagb_featured_image_src":{"full":["https:\/\/disecosdarkatelier.com\/wp-content\/uploads\/2025\/11\/1757563290210.png",1080,1350,false],"thumbnail":["https:\/\/disecosdarkatelier.com\/wp-content\/uploads\/2025\/11\/1757563290210-150x150.png",150,150,true],"medium":["https:\/\/disecosdarkatelier.com\/wp-content\/uploads\/2025\/11\/1757563290210-240x300.png",240,300,true],"medium_large":["https:\/\/disecosdarkatelier.com\/wp-content\/uploads\/2025\/11\/1757563290210-768x960.png",768,960,true],"large":["https:\/\/disecosdarkatelier.com\/wp-content\/uploads\/2025\/11\/1757563290210-819x1024.png",819,1024,true],"1536x1536":["https:\/\/disecosdarkatelier.com\/wp-content\/uploads\/2025\/11\/1757563290210.png",1080,1350,false],"2048x2048":["https:\/\/disecosdarkatelier.com\/wp-content\/uploads\/2025\/11\/1757563290210.png",1080,1350,false],"woocommerce_thumbnail":["https:\/\/disecosdarkatelier.com\/wp-content\/uploads\/2025\/11\/1757563290210-324x324.png",324,324,true],"woocommerce_single":["https:\/\/disecosdarkatelier.com\/wp-content\/uploads\/2025\/11\/1757563290210-600x750.png",416,520,true],"woocommerce_gallery_thumbnail":["https:\/\/disecosdarkatelier.com\/wp-content\/uploads\/2025\/11\/1757563290210-100x100.png",100,100,true]},"uagb_author_info":{"display_name":"yulantto@gmail.com","author_link":"https:\/\/disecosdarkatelier.com\/shop\/author\/"},"uagb_comment_info":0,"uagb_excerpt":"Combina la sensualidad del encaje negro con la fuerza del rojo profundo.","_links":{"self":[{"href":"https:\/\/disecosdarkatelier.com\/shop\/wp-json\/wp\/v2\/product\/934","targetHints":{"allow":["GET"]}}],"collection":[{"href":"https:\/\/disecosdarkatelier.com\/shop\/wp-json\/wp\/v2\/product"}],"about":[{"href":"https:\/\/disecosdarkatelier.com\/shop\/wp-json\/wp\/v2\/types\/product"}],"replies":[{"embeddable":true,"href":"https:\/\/disecosdarkatelier.com\/shop\/wp-json\/wp\/v2\/comments?post=934"}],"wp:featuredmedia":[{"embeddable":true,"href":"https:\/\/disecosdarkatelier.com\/shop\/wp-json\/wp\/v2\/media\/938"}],"wp:attachment":[{"href":"https:\/\/disecosdarkatelier.com\/shop\/wp-json\/wp\/v2\/media?parent=934"}],"wp:term":[{"taxonomy":"product_brand","embeddable":true,"href":"https:\/\/disecosdarkatelier.com\/shop\/wp-json\/wp\/v2\/product_brand?post=934"},{"taxonomy":"product_cat","embeddable":true,"href":"https:\/\/disecosdarkatelier.com\/shop\/wp-json\/wp\/v2\/product_cat?post=934"},{"taxonomy":"product_tag","embeddable":true,"href":"https:\/\/disecosdarkatelier.com\/shop\/wp-json\/wp\/v2\/product_tag?post=934"}],"curies":[{"name":"wp","href":"https:\/\/api.w.org\/{rel}","templated":true}]}}