{"id":997,"date":"2026-01-22T03:06:23","date_gmt":"2026-01-22T03:06:23","guid":{"rendered":"https:\/\/disecosdarkatelier.com\/shop\/?post_type=product&#038;p=997"},"modified":"2026-01-22T03:06:23","modified_gmt":"2026-01-22T03:06:23","slug":"totebag-arachnida","status":"publish","type":"product","link":"https:\/\/disecosdarkatelier.com\/shop\/product\/totebag-arachnida\/","title":{"rendered":"ToteBag Arachnida"},"content":{"rendered":"<h4 data-path-to-node=\"9\"><strong>Especificaciones T\u00e9cnicas:<\/strong><\/h4>\n<ul data-path-to-node=\"10\">\n<li>\n<p data-path-to-node=\"10,0,0\"><b data-path-to-node=\"10,0,0\" data-index-in-node=\"0\">Dimensiones:<\/b> Alto: 38 cm | Ancho: 35 cm<\/p>\n<\/li>\n<li>\n<p data-path-to-node=\"10,1,0\"><b data-path-to-node=\"10,1,0\" data-index-in-node=\"0\">Material Exterior:<\/b> Tela impermeable.<\/p>\n<\/li>\n<li>\n<p data-path-to-node=\"10,2,0\"><b data-path-to-node=\"10,2,0\" data-index-in-node=\"0\">Protecci\u00f3n:<\/b> Cremallera y forro interior impermeables.<\/p>\n<\/li>\n<li>\n<p data-path-to-node=\"10,3,0\"><b data-path-to-node=\"10,3,0\" data-index-in-node=\"0\">Ideal para:<\/b> Salidas casuales, festivales, looks G\u00f3ticos, Witchy, Dark o Alternativos.<\/p>\n<\/li>\n<\/ul>\n<hr data-path-to-node=\"11\" \/>\n<h3 data-path-to-node=\"12\"><\/h3>\n","protected":false},"excerpt":{"rendered":"<p>Atrapa todas las miradas con la <strong>Totebag ARACHNIDA, <\/strong>Un accesorio esencial de est\u00e9tica g\u00f3tica con un imponente bordado de telara\u00f1a en contraste y un amuleto exclusivo de ala de murci\u00e9lago y bola de peluche. Espaciosa, resistente y cargada de simbolismo oscuro para tu d\u00eda a d\u00eda.<\/p>\n","protected":false},"featured_media":1007,"comment_status":"open","ping_status":"closed","template":"","meta":{"_uag_custom_page_level_css":""},"product_brand":[],"product_cat":[39],"product_tag":[69,65,68,67,66],"class_list":{"0":"post-997","1":"product","2":"type-product","3":"status-publish","4":"has-post-thumbnail","6":"product_cat-bolsos","7":"product_tag-accesorio-spooky","8":"product_tag-bolso-gotico","9":"product_tag-diseno-de-telarana","10":"product_tag-estilo-alternativo","11":"product_tag-totebag-arachnida","13":"first","14":"instock","15":"shipping-taxable","16":"purchasable","17":"product-type-simple"},"aioseo_notices":[],"uagb_featured_image_src":{"full":["https:\/\/disecosdarkatelier.com\/wp-content\/uploads\/2026\/01\/IMG_20250331_231339.png",1645,2194,false],"thumbnail":["https:\/\/disecosdarkatelier.com\/wp-content\/uploads\/2026\/01\/IMG_20250331_231339-150x150.png",150,150,true],"medium":["https:\/\/disecosdarkatelier.com\/wp-content\/uploads\/2026\/01\/IMG_20250331_231339-225x300.png",225,300,true],"medium_large":["https:\/\/disecosdarkatelier.com\/wp-content\/uploads\/2026\/01\/IMG_20250331_231339-768x1024.png",768,1024,true],"large":["https:\/\/disecosdarkatelier.com\/wp-content\/uploads\/2026\/01\/IMG_20250331_231339-768x1024.png",768,1024,true],"1536x1536":["https:\/\/disecosdarkatelier.com\/wp-content\/uploads\/2026\/01\/IMG_20250331_231339-1152x1536.png",1152,1536,true],"2048x2048":["https:\/\/disecosdarkatelier.com\/wp-content\/uploads\/2026\/01\/IMG_20250331_231339-1536x2048.png",1536,2048,true],"woocommerce_thumbnail":["https:\/\/disecosdarkatelier.com\/wp-content\/uploads\/2026\/01\/IMG_20250331_231339-324x324.png",324,324,true],"woocommerce_single":["https:\/\/disecosdarkatelier.com\/wp-content\/uploads\/2026\/01\/IMG_20250331_231339-416x555.png",416,555,true],"woocommerce_gallery_thumbnail":["https:\/\/disecosdarkatelier.com\/wp-content\/uploads\/2026\/01\/IMG_20250331_231339-100x100.png",100,100,true]},"uagb_author_info":{"display_name":"yulantto@gmail.com","author_link":"https:\/\/disecosdarkatelier.com\/shop\/author\/"},"uagb_comment_info":0,"uagb_excerpt":"Atrapa todas las miradas con la Totebag ARACHNIDA, Un accesorio esencial de est\u00e9tica g\u00f3tica con un imponente bordado de telara\u00f1a en contraste y un amuleto exclusivo de ala de murci\u00e9lago y bola de peluche. Espaciosa, resistente y cargada de simbolismo oscuro para tu d\u00eda a d\u00eda.","_links":{"self":[{"href":"https:\/\/disecosdarkatelier.com\/shop\/wp-json\/wp\/v2\/product\/997","targetHints":{"allow":["GET"]}}],"collection":[{"href":"https:\/\/disecosdarkatelier.com\/shop\/wp-json\/wp\/v2\/product"}],"about":[{"href":"https:\/\/disecosdarkatelier.com\/shop\/wp-json\/wp\/v2\/types\/product"}],"replies":[{"embeddable":true,"href":"https:\/\/disecosdarkatelier.com\/shop\/wp-json\/wp\/v2\/comments?post=997"}],"wp:featuredmedia":[{"embeddable":true,"href":"https:\/\/disecosdarkatelier.com\/shop\/wp-json\/wp\/v2\/media\/1007"}],"wp:attachment":[{"href":"https:\/\/disecosdarkatelier.com\/shop\/wp-json\/wp\/v2\/media?parent=997"}],"wp:term":[{"taxonomy":"product_brand","embeddable":true,"href":"https:\/\/disecosdarkatelier.com\/shop\/wp-json\/wp\/v2\/product_brand?post=997"},{"taxonomy":"product_cat","embeddable":true,"href":"https:\/\/disecosdarkatelier.com\/shop\/wp-json\/wp\/v2\/product_cat?post=997"},{"taxonomy":"product_tag","embeddable":true,"href":"https:\/\/disecosdarkatelier.com\/shop\/wp-json\/wp\/v2\/product_tag?post=997"}],"curies":[{"name":"wp","href":"https:\/\/api.w.org\/{rel}","templated":true}]}}